{"id":532,"date":"2018-05-28T08:40:25","date_gmt":"2018-05-28T08:40:25","guid":{"rendered":"http:\/\/anwalt-abel.de\/?page_id=532"},"modified":"2018-12-27T12:11:37","modified_gmt":"2018-12-27T12:11:37","slug":"datenschutzerklarung","status":"publish","type":"page","link":"https:\/\/anwalt-abel.de\/?page_id=532","title":{"rendered":"Datenschutzerkl\u00e4rung &#038; Cookies"},"content":{"rendered":"<p>Wir freuen uns, dass Sie die Webseite der Rechtsanw\u00e4lte Abel &amp; Behr besuchen. Soweit Daten erhoben werden, erfolgt dies unter Beachtung der einschl\u00e4gigen Vorschriften des Bundesdatenschutzgesetzes (BDSG) und des Telemediengesetzes (TMG). Wir bitten Sie, die nachstehenden Informationen zur Kenntnis zu nehmen.<\/p>\n<h2>1. Verantwortlicher<\/h2>\n<p>Abel &amp; Behr Rechtsanw\u00e4lte<br \/>\nRA Raimund Abel<br \/>\nAltonaer Poststra\u00dfe 15<br \/>\n22767 Hamburg<br \/>\nDeutschland<\/p>\n<p>Impressum: <a href=\"https:\/\/anwalt-abel.de\/wordpress\/?page_id=437\">Hier klicken.<\/a><\/p>\n<p>Telefon: +49 40 380 871 \u2013 0<br \/>\nTelefax: +49 40 380 871 \u2013 18<br \/>\nE-Mail: info [at] anwalt-abel [punkt] de<\/p>\n<p><code><a name=\"cookies\"><\/a><\/code><\/p>\n<h2>2. Google Analytics und Cookies<\/h2>\n<p>Diese Website benutzt Google Analytics, einen Webanalysedienst der Google Inc. (\u201eGoogle\u201c). Die Benutzung erfolgt auf der Grundlage des Art. 6 Abs. 1 S. 1 lit. f. DSGVO. Google Analytics verwendet sog. \u201eCookies\u201c, Textdateien, die auf Ihrem Computer gespeichert werden und die eine Analyse der Benutzung der Webseite durch Sie erm\u00f6glichen. Die durch den Cookie erzeugten Informationen \u00fcber Ihre Benutzung der Webseite wie<\/p>\n<ul>\n<li>Browser-Typ\/-Version,<\/li>\n<li>verwendetes Betriebssystem,<\/li>\n<li>Referrer-URL (die zuvor besuchte Seite),<\/li>\n<li>Hostname des zugreifenden Rechners (IP-Adresse),<\/li>\n<li>Uhrzeit der Serveranfrage,<\/li>\n<\/ul>\n<p>werden in der Regel an einen Server von Google in den USA \u00fcbertragen und dort gespeichert. Die im Rahmen von Google Analytics von Ihrem Browser \u00fcbermittelte IP-Adresse wird nicht mit anderen Daten von Google zusammengef\u00fchrt. Wir haben zudem auf dieser Webseite Google Analytics um den Code \u201eanonymizeIP\u201c erweitert. Dies garantiert die Maskierung Ihrer IP-Adresse, sodass alle Daten anonym erhoben werden. Nur in Ausnahmef\u00e4llen wird die volle IP-Adresse an einen Server von Google in den USA \u00fcbertragen und dort gek\u00fcrzt.<\/p>\n<p>Im Auftrag des Betreibers dieser Website wird Google diese Information benutzen, um Ihre Nutzung der Webseite auszuwerten, um Reports \u00fcber die Webseiten-Aktivit\u00e4ten zusammenzustellen und um weitere mit der Webseiten-Nutzung und der Internetnutzung verbundene Dienstleistungen gegen\u00fcber dem Webseitenbetreiber zu erbringen. Sie k\u00f6nnen die Speicherung der Cookies durch eine entsprechende Einstellung Ihrer Browser-Software verhindern; wir weisen Sie jedoch darauf hin, dass Sie in diesem Fall m\u00f6glicherweise nicht s\u00e4mtliche Funktionen dieser Webseite vollumf\u00e4nglich werden nutzen k\u00f6nnen.<\/p>\n<p>Sie k\u00f6nnen dar\u00fcber hinaus die Erfassung der durch das Cookie erzeugten und auf Ihre Nutzung der Webseite bezogenen Daten (inkl. Ihrer IP-Adresse) an Google sowie die Verarbeitung dieser Daten durch Google verhindern, indem sie das unter dem folgenden Link verf\u00fcgbare Browser-Plugin herunterladen und installieren: http:\/\/tools.google.com\/dlpage\/gaoptout?hl=de. Alternativ zum Browser-Add-On, insbesondere bei Browsern auf mobilen Endger\u00e4ten, k\u00f6nnen Sie die Erfassung durch Google Analytics zudem verhindern, indem Sie auf <a href=\"#\" data-ua=\"UA-2340921-1\" class=\"gaoptout\">diesen Link klicken<\/a>. Es wird ein Opt-Out-Cookie gesetzt, das die zuk\u00fcnftige Erfassung Ihrer Daten beim Besuch dieser Website verhindert. Der Opt-Out-Cookie gilt nur in diesem Browser und nur f\u00fcr unsere Website und wird auf Ihrem Ger\u00e4t abgelegt. L\u00f6schen Sie die Cookies in diesem Browser, m\u00fcssen Sie das Opt-Out-Cookie erneut setzen.<\/p>\n<p>Wir nutzen Google Analytics weiterhin dazu, Daten aus Double-Click-Cookies und auch AdWords zu statistischen Zwecken auszuwerten. Sollten Sie dies nicht w\u00fcnschen, k\u00f6nnen Sie dies \u00fcber den Anzeigenvorgaben-Manager (http:\/\/www.google.com\/settings\/ads\/onweb\/?hl=de) deaktivieren.<\/p>\n<h2>3. Weitere Daten<\/h2>\n<p>Weitere Daten werden bei der Nutzung dieser Internetseite nicht erhoben.<\/p>\n<h2>4. Kontaktaufnahme<\/h2>\n<p>Sollten Sie mit unserer Kanzlei per e-Mail Kontakt aufnehmen, werden Ihre Daten zur Bearbeitung Ihres Anliegens gespeichert. Eine Weitergabe an Dritte erfolgt nicht.<\/p>\n<h2>5. Auskunftsrecht<\/h2>\n<p>Sie haben das Recht, jederzeit Auskunft \u00fcber die zu Ihrer Person gespeicherten Daten zu erhalten, einschlie\u00dflich Herkunft und Empf\u00e4nger Ihrer Daten sowie den Zweck der Datenverarbeitung. Ihre Anfrage richten Sie bitte schriftlich oder per E-Mail an unsere oben genannten Adressen.<\/p>\n<h2>6. Fragen zu dieser Datenschutzkl\u00e4rung<\/h2>\n<p>Fragen zu dieser Datenschutzerkl\u00e4rung richten Sie bitte an David Abel (d.abel [at] anwalt-abel.de).<\/p>\n","protected":false},"excerpt":{"rendered":"<p>Wir freuen uns, dass Sie die Webseite der Rechtsanw\u00e4lte Abel &amp; Behr besuchen. Soweit Daten erhoben werden, erfolgt dies unter Beachtung der einschl\u00e4gigen Vorschriften des Bundesdatenschutzgesetzes (BDSG) und des Telemediengesetzes (TMG). Wir bitten Sie, die nachstehenden Informationen zur Kenntnis zu nehmen. 1. Verantwortlicher Abel &amp; Behr Rechtsanw\u00e4lte RA Raimund Abel Altonaer Poststra\u00dfe 15 22767 Hamburg &#8230; <a href=\"https:\/\/anwalt-abel.de\/?page_id=532\" class=\"more-link text-uppercase small\"><strong>Continue Reading<\/strong> <i class=\"fa fa-angle-double-right\" aria-hidden=\"true\"><\/i><\/a><\/p>\n","protected":false},"author":1,"featured_media":0,"parent":0,"menu_order":0,"comment_status":"closed","ping_status":"closed","template":"","meta":{"_mi_skip_tracking":false,"_monsterinsights_skip_tracking":false,"_monsterinsights_sitenote_active":false,"_monsterinsights_sitenote_note":"","_monsterinsights_sitenote_category":0},"_links":{"self":[{"href":"https:\/\/anwalt-abel.de\/index.php?rest_route=\/wp\/v2\/pages\/532"}],"collection":[{"href":"https:\/\/anwalt-abel.de\/index.php?rest_route=\/wp\/v2\/pages"}],"about":[{"href":"https:\/\/anwalt-abel.de\/index.php?rest_route=\/wp\/v2\/types\/page"}],"author":[{"embeddable":true,"href":"https:\/\/anwalt-abel.de\/index.php?rest_route=\/wp\/v2\/users\/1"}],"replies":[{"embeddable":true,"href":"https:\/\/anwalt-abel.de\/index.php?rest_route=%2Fwp%2Fv2%2Fcomments&post=532"}],"version-history":[{"count":13,"href":"https:\/\/anwalt-abel.de\/index.php?rest_route=\/wp\/v2\/pages\/532\/revisions"}],"predecessor-version":[{"id":547,"href":"https:\/\/anwalt-abel.de\/index.php?rest_route=\/wp\/v2\/pages\/532\/revisions\/547"}],"wp:attachment":[{"href":"https:\/\/anwalt-abel.de\/index.php?rest_route=%2Fwp%2Fv2%2Fmedia&parent=532"}],"curies":[{"name":"wp","href":"https:\/\/api.w.org\/{rel}","templated":true}]}}