{"id":437,"date":"2017-07-09T19:51:43","date_gmt":"2017-07-09T19:51:43","guid":{"rendered":"http:\/\/anwalt-abel.de\/wordpress\/?page_id=437"},"modified":"2019-09-08T10:57:35","modified_gmt":"2019-09-08T10:57:35","slug":"impressum","status":"publish","type":"page","link":"https:\/\/anwalt-abel.de\/?page_id=437","title":{"rendered":"Impressum"},"content":{"rendered":"<div class=\"txt-img\">\n<p><strong>Rechtsanw\u00e4lte Abel &amp; Behr<\/strong><\/p>\n<p><b>Altonaer Poststra\u00dfe 15<br \/>\n22767 Hamburg<\/b><\/p>\n<p><b> <\/b><b>Telefon: +49 40 380 871 \u2013 0<br \/>\nTelefax: +49 40 380 871 \u2013 18<br \/>\nE-Mail: info [at] anwalt-abel [punkt] de<\/b><\/p>\n<p><strong>Pflichtangaben gem. \u00a7 5 Telemediengesesetz:<\/strong><\/p>\n<p>Verantwortlich f\u00fcr Inhalt und Richtigkeit der Angaben:<\/p>\n<p><b>Rechtsanwalt Raimund Abel<br \/>\nAltonaer Poststra\u00dfe 15<br \/>\n22767 Hamburg<\/b><\/p>\n<p><b> <\/b><b>Telefon: +49 40 380 871 \u2013 0<br \/>\nTelefax: +49 40 380 871 \u2013 18<br \/>\nE-Mail: info [at] anwalt-abel [punkt] de<\/b><\/p>\n<p>Unsere Umsatzsteuer-Identifikationsnummer lautet: DE117943685<\/p>\n<p>Wir weisen darauf hin, dass wir als Rechtsanw\u00e4lte in der Bundesrepublik Deutschland zugelassen sind und f\u00fcr uns folgende Rechtsanwaltskammer zust\u00e4ndig ist:<\/p>\n<p>Hanseatische Rechtsanwaltskammer<br \/>\nBleichenbr\u00fccke 9, 20354 Hamburg<br \/>\nTelefon: +4940-357441-0<br \/>\nTelefax: +4940-357441-41<br \/>\ne-Mail: info@rechtsanwaltskammerhamburg.de<\/p>\n<p>Berufsrechtliche Vorschriften:<br \/>\nEs gelten folgende berufsrechtliche Regelungen:<\/p>\n<p>&#8211;\u00a0\u00a0 BRAO &#8211; Bundesrechtsanwaltsordnung<br \/>\n&#8211;\u00a0\u00a0 BORA &#8211; Berufsordnung f\u00fcr Rechtsanw\u00e4lte<br \/>\n&#8211;\u00a0\u00a0 Fachanwaltsordnung<br \/>\n&#8211;\u00a0\u00a0 RVG &#8211; Gesetz \u00fcber die Verg\u00fctung der Rechtsanw\u00e4ltinnen und Rechtsanw\u00e4lte<br \/>\n&#8211;\u00a0\u00a0 Berufsregeln der Rechtsanw\u00e4lte der Europ\u00e4ischen Gemeinschaft (CCBE)<\/p>\n<p>Diese Gesetze sind zug\u00e4nglich unter\u00a0<a href=\"http:\/\/www.brak.de\/\" target=\"_blank\" rel=\"noreferrer noopener\">www.brak.de<\/a><\/p>\n<p><strong>Disclaimer<\/strong><br \/>\nDie Informationen auf dieser Website dienen der Darstellung der Rechtsanw\u00e4lte Abel &amp; Behr und stellen keine Rechtsberatung dar und k\u00f6nnen diese auch nicht ersetzen. Bitte haben Sie Verst\u00e4ndnis daf\u00fcr, dass keine Haftung daf\u00fcr \u00fcbernommen werden kann, wenn eine E-Mail die Kanzlei nicht erreicht. In Fristsachen muss die Kanzlei daher grunds\u00e4tzlich auf anderem Weg zus\u00e4tzlich informiert werden.<\/p>\n<p>Die Rechtsanw\u00e4lte Abel &amp; Behr \u00fcbernehmen keine Gew\u00e4hr f\u00fcr die Aktualit\u00e4t, Richtigkeit und Vollst\u00e4ndigkeit der auf dieser Website bereitgestellten Informationen. Gleiches gilt auch f\u00fcr die Inhalte externer Websites, auf die diese Seite \u00fcber Hyperlinks direkt oder indirekt verweist und auf die die\u00a0Rechtsanw\u00e4lte Abel &amp; Behr keinen Einfluss haben.<\/p>\n<\/div>\n","protected":false},"excerpt":{"rendered":"<p>Rechtsanw\u00e4lte Abel &amp; Behr Altonaer Poststra\u00dfe 15 22767 Hamburg Telefon: +49 40 380 871 \u2013 0 Telefax: +49 40 380 871 \u2013 18 E-Mail: info [at] anwalt-abel [punkt] de Pflichtangaben gem. \u00a7 5 Telemediengesesetz: Verantwortlich f\u00fcr Inhalt und Richtigkeit der Angaben: Rechtsanwalt Raimund Abel Altonaer Poststra\u00dfe 15 22767 Hamburg Telefon: +49 40 380 871 \u2013 &#8230; <a href=\"https:\/\/anwalt-abel.de\/?page_id=437\" class=\"more-link text-uppercase small\"><strong>Continue Reading<\/strong> <i class=\"fa fa-angle-double-right\" aria-hidden=\"true\"><\/i><\/a><\/p>\n","protected":false},"author":1,"featured_media":0,"parent":0,"menu_order":0,"comment_status":"closed","ping_status":"closed","template":"","meta":{"_mi_skip_tracking":false,"_monsterinsights_skip_tracking":false,"_monsterinsights_sitenote_active":false,"_monsterinsights_sitenote_note":"","_monsterinsights_sitenote_category":0},"_links":{"self":[{"href":"https:\/\/anwalt-abel.de\/index.php?rest_route=\/wp\/v2\/pages\/437"}],"collection":[{"href":"https:\/\/anwalt-abel.de\/index.php?rest_route=\/wp\/v2\/pages"}],"about":[{"href":"https:\/\/anwalt-abel.de\/index.php?rest_route=\/wp\/v2\/types\/page"}],"author":[{"embeddable":true,"href":"https:\/\/anwalt-abel.de\/index.php?rest_route=\/wp\/v2\/users\/1"}],"replies":[{"embeddable":true,"href":"https:\/\/anwalt-abel.de\/index.php?rest_route=%2Fwp%2Fv2%2Fcomments&post=437"}],"version-history":[{"count":5,"href":"https:\/\/anwalt-abel.de\/index.php?rest_route=\/wp\/v2\/pages\/437\/revisions"}],"predecessor-version":[{"id":551,"href":"https:\/\/anwalt-abel.de\/index.php?rest_route=\/wp\/v2\/pages\/437\/revisions\/551"}],"wp:attachment":[{"href":"https:\/\/anwalt-abel.de\/index.php?rest_route=%2Fwp%2Fv2%2Fmedia&parent=437"}],"curies":[{"name":"wp","href":"https:\/\/api.w.org\/{rel}","templated":true}]}}